{"id":51,"date":"2021-10-19T12:38:24","date_gmt":"2021-10-19T10:38:24","guid":{"rendered":"https:\/\/clu-bollwiller.fr\/?page_id=51"},"modified":"2021-10-20T17:41:03","modified_gmt":"2021-10-20T15:41:03","slug":"le-moniteur","status":"publish","type":"page","link":"https:\/\/clu-bollwiller.fr\/index.php\/le-moniteur\/","title":{"rendered":"Le moniteur"},"content":{"rendered":"\n<h2>L&rsquo;encadrement technique et p\u00e9dagogique est r\u00e9alis\u00e9 par St\u00e9phane Csiki.<\/h2>\n\n\n\n<p>Eb\u00e9niste professionnel, St\u00e9phane Csiki est laur\u00e9at en 1998 du concours des m\u00e9tiers d&rsquo;art . Apr\u00e8s avoir travaill\u00e9 dans des \u00e9b\u00e9nisteries de tr\u00e8s haut niveau, il se consacre actuellement \u00e0 former et encadrer les membres du Clu dans la grande diversit\u00e9 des projets en cours. Sa grande disponibilit\u00e9, ses comp\u00e9tences techniques reconnues et ses qualit\u00e9s p\u00e9dagogiques lui permettent de mener \u00e0 bien cette t\u00e2che.<\/p>\n\n\n\n<div class=\"wp-block-image\"><figure class=\"alignleft size-full\"><img loading=\"lazy\" width=\"552\" height=\"368\" src=\"https:\/\/clu-bollwiller.fr\/wp-content\/uploads\/2021\/10\/550_6550.jpg\" alt=\"\" class=\"wp-image-56\" srcset=\"https:\/\/clu-bollwiller.fr\/wp-content\/uploads\/2021\/10\/550_6550.jpg 552w, https:\/\/clu-bollwiller.fr\/wp-content\/uploads\/2021\/10\/550_6550-300x200.jpg 300w\" sizes=\"(max-width: 552px) 100vw, 552px\" \/><\/figure><\/div>\n\n\n\n<p>L&rsquo;encadrement et la formation des membres ne sont pas ses seuls r\u00f4les. Il est un rouage essentiel dans le bon fonctionnement du centre. En effet, il s&rsquo;occupe de la gestion du stock de bois, en recherche en for\u00eat ou chez des fournisseurs au meilleur prix, limitant ainsi les co\u00fbts de fonctionnement du Clu. Il g\u00e8re et entretient le parc machines. Il assure \u00e9galement les commandes de fournitures diverses. Enfin, St\u00e9phane Csiki s&rsquo;occupe de la facturation des diff\u00e9rents projets en cours de r\u00e9alisation.<\/p>\n\n\n\n<p>St\u00e9phane Csiki est salari\u00e9 par le Clu.<\/p>\n","protected":false},"excerpt":{"rendered":"<p>L&rsquo;encadrement technique et p\u00e9dagogique est r\u00e9alis\u00e9 par St\u00e9phane Csiki. Eb\u00e9niste professionnel, St\u00e9phane Csiki est laur\u00e9at en 1998 du concours des m\u00e9tiers d&rsquo;art . Apr\u00e8s avoir travaill\u00e9 dans des \u00e9b\u00e9nisteries de &#8230;<\/p>\n","protected":false},"author":1,"featured_media":0,"parent":0,"menu_order":0,"comment_status":"closed","ping_status":"closed","template":"","meta":[],"_links":{"self":[{"href":"https:\/\/clu-bollwiller.fr\/index.php\/wp-json\/wp\/v2\/pages\/51"}],"collection":[{"href":"https:\/\/clu-bollwiller.fr\/index.php\/wp-json\/wp\/v2\/pages"}],"about":[{"href":"https:\/\/clu-bollwiller.fr\/index.php\/wp-json\/wp\/v2\/types\/page"}],"author":[{"embeddable":true,"href":"https:\/\/clu-bollwiller.fr\/index.php\/wp-json\/wp\/v2\/users\/1"}],"replies":[{"embeddable":true,"href":"https:\/\/clu-bollwiller.fr\/index.php\/wp-json\/wp\/v2\/comments?post=51"}],"version-history":[{"count":2,"href":"https:\/\/clu-bollwiller.fr\/index.php\/wp-json\/wp\/v2\/pages\/51\/revisions"}],"predecessor-version":[{"id":269,"href":"https:\/\/clu-bollwiller.fr\/index.php\/wp-json\/wp\/v2\/pages\/51\/revisions\/269"}],"wp:attachment":[{"href":"https:\/\/clu-bollwiller.fr\/index.php\/wp-json\/wp\/v2\/media?parent=51"}],"curies":[{"name":"wp","href":"https:\/\/api.w.org\/{rel}","templated":true}]}}